{"id":158,"date":"2022-10-17T10:54:16","date_gmt":"2022-10-17T08:54:16","guid":{"rendered":"https:\/\/feenix.fr\/?page_id=158"},"modified":"2024-02-15T20:28:22","modified_gmt":"2024-02-15T19:28:22","slug":"coach-sportif-entreprise-vern-sur-seiche","status":"publish","type":"page","link":"https:\/\/feenix.fr\/index.php\/coach-sportif-entreprise-vern-sur-seiche\/","title":{"rendered":"Coach sportif en entreprise"},"content":{"rendered":"\t\t<div data-elementor-type=\"wp-page\" data-elementor-id=\"158\" class=\"elementor elementor-158\">\n\t\t\t\t\t\t\t\t\t<section class=\"elementor-section elementor-top-section elementor-element elementor-element-b62adb9 elementor-section-boxed elementor-section-height-default elementor-section-height-default\" data-id=\"b62adb9\" data-element_type=\"section\">\n\t\t\t\t\t\t<div class=\"elementor-container elementor-column-gap-default\">\n\t\t\t\t\t<div class=\"elementor-column elementor-col-100 elementor-top-column elementor-element elementor-element-9289543\" data-id=\"9289543\" data-element_type=\"column\">\n\t\t\t<div class=\"elementor-widget-wrap elementor-element-populated\">\n\t\t\t\t\t\t\t\t<div class=\"elementor-element elementor-element-7b389ce elementor-widget elementor-widget-image\" data-id=\"7b389ce\" data-element_type=\"widget\" data-widget_type=\"image.default\">\n\t\t\t\t<div class=\"elementor-widget-container\">\n\t\t\t<style>\/*! elementor - v3.7.8 - 02-10-2022 *\/\n.elementor-widget-image{text-align:center}.elementor-widget-image a{display:inline-block}.elementor-widget-image a img[src$=\".svg\"]{width:48px}.elementor-widget-image img{vertical-align:middle;display:inline-block}<\/style>\t\t\t\t\t\t\t\t\t\t\t\t<img width=\"1920\" height=\"960\" src=\"https:\/\/feenix.fr\/wp-content\/uploads\/2022\/11\/team-building-sport-cuisine-rennes.jpg\" class=\"attachment-full size-full\" alt=\"\" loading=\"lazy\" srcset=\"https:\/\/feenix.fr\/wp-content\/uploads\/2022\/11\/team-building-sport-cuisine-rennes.jpg 1920w, https:\/\/feenix.fr\/wp-content\/uploads\/2022\/11\/team-building-sport-cuisine-rennes-300x150.jpg 300w, https:\/\/feenix.fr\/wp-content\/uploads\/2022\/11\/team-building-sport-cuisine-rennes-1024x512.jpg 1024w, https:\/\/feenix.fr\/wp-content\/uploads\/2022\/11\/team-building-sport-cuisine-rennes-768x384.jpg 768w, https:\/\/feenix.fr\/wp-content\/uploads\/2022\/11\/team-building-sport-cuisine-rennes-1536x768.jpg 1536w\" sizes=\"(max-width: 1920px) 100vw, 1920px\" \/>\t\t\t\t\t\t\t\t\t\t\t\t\t\t\t<\/div>\n\t\t\t\t<\/div>\n\t\t\t\t\t<\/div>\n\t\t<\/div>\n\t\t\t\t\t\t\t<\/div>\n\t\t<\/section>\n\t\t\t\t<section class=\"elementor-section elementor-top-section elementor-element elementor-element-11791b0 elementor-section-boxed elementor-section-height-default elementor-section-height-default\" data-id=\"11791b0\" data-element_type=\"section\">\n\t\t\t\t\t\t<div class=\"elementor-container elementor-column-gap-default\">\n\t\t\t\t\t<div class=\"elementor-column elementor-col-100 elementor-top-column elementor-element elementor-element-65aa0d1\" data-id=\"65aa0d1\" data-element_type=\"column\">\n\t\t\t<div class=\"elementor-widget-wrap elementor-element-populated\">\n\t\t\t\t\t\t\t\t<div class=\"elementor-element elementor-element-47badde elementor-widget elementor-widget-heading\" data-id=\"47badde\" data-element_type=\"widget\" data-widget_type=\"heading.default\">\n\t\t\t\t<div class=\"elementor-widget-container\">\n\t\t\t<style>\/*! elementor - v3.7.8 - 02-10-2022 *\/\n.elementor-heading-title{padding:0;margin:0;line-height:1}.elementor-widget-heading .elementor-heading-title[class*=elementor-size-]>a{color:inherit;font-size:inherit;line-height:inherit}.elementor-widget-heading .elementor-heading-title.elementor-size-small{font-size:15px}.elementor-widget-heading .elementor-heading-title.elementor-size-medium{font-size:19px}.elementor-widget-heading .elementor-heading-title.elementor-size-large{font-size:29px}.elementor-widget-heading .elementor-heading-title.elementor-size-xl{font-size:39px}.elementor-widget-heading .elementor-heading-title.elementor-size-xxl{font-size:59px}<\/style><h1 class=\"elementor-heading-title elementor-size-default\">Coach sportif en entreprise \u00e0 Rennes<\/h1>\t\t<\/div>\n\t\t\t\t<\/div>\n\t\t\t\t\t<\/div>\n\t\t<\/div>\n\t\t\t\t\t\t\t<\/div>\n\t\t<\/section>\n\t\t\t\t<section class=\"elementor-section elementor-top-section elementor-element elementor-element-598c8a9 elementor-section-boxed elementor-section-height-default elementor-section-height-default\" data-id=\"598c8a9\" data-element_type=\"section\">\n\t\t\t\t\t\t<div class=\"elementor-container elementor-column-gap-default\">\n\t\t\t\t\t<div class=\"elementor-column elementor-col-100 elementor-top-column elementor-element elementor-element-215a977\" data-id=\"215a977\" data-element_type=\"column\">\n\t\t\t<div class=\"elementor-widget-wrap elementor-element-populated\">\n\t\t\t\t\t\t\t\t<div class=\"elementor-element elementor-element-896949d elementor-widget elementor-widget-text-editor\" data-id=\"896949d\" data-element_type=\"widget\" data-widget_type=\"text-editor.default\">\n\t\t\t\t<div class=\"elementor-widget-container\">\n\t\t\t<style>\/*! elementor - v3.7.8 - 02-10-2022 *\/\n.elementor-widget-text-editor.elementor-drop-cap-view-stacked .elementor-drop-cap{background-color:#818a91;color:#fff}.elementor-widget-text-editor.elementor-drop-cap-view-framed .elementor-drop-cap{color:#818a91;border:3px solid;background-color:transparent}.elementor-widget-text-editor:not(.elementor-drop-cap-view-default) .elementor-drop-cap{margin-top:8px}.elementor-widget-text-editor:not(.elementor-drop-cap-view-default) .elementor-drop-cap-letter{width:1em;height:1em}.elementor-widget-text-editor .elementor-drop-cap{float:left;text-align:center;line-height:1;font-size:50px}.elementor-widget-text-editor .elementor-drop-cap-letter{display:inline-block}<\/style>\t\t\t\t<p>Le sport en entreprise permet d\u2019entretenir la forme physique de vos salari\u00e9s tant sur la sant\u00e9 physique, mentale &amp; sociale !<\/p><h2><strong>Pourquoi le sport au travail ?<\/strong><\/h2><p>Le sport &amp; ses bienfaits :<\/p><ul><li>pr\u00e9vient des TMS (troubles musculo- squelettiques )<\/li><li>diminue les arr\u00eats de travail (moins d\u2019absent\u00e9isme)<\/li><li>baisse du stress pour le salari\u00e9 (bien \u00eatre)<\/li><li>renforce la coh\u00e9sion d\u2019\u00e9quipe<\/li><li>am\u00e9liore le climat social<\/li><li>augmente la productivit\u00e9, plus de concentration\u2026<\/li><\/ul><p>\u00a0<\/p><p>Le sport en entreprise permet une meilleure conciliation des temps de vie (apr\u00e8s le travail, on n\u2019a pas toujours le temps de faire du sport le soir)<\/p><p>C\u2019est un outil d\u2019enrichissement personnel et d\u00e9veloppe la pens\u00e9e cr\u00e9atrice &amp; fid\u00e9lise le salari\u00e9.<\/p><p>Les pouvoirs publics conscients des b\u00e9n\u00e9fices de la pratique d\u2019une activit\u00e9 physique et sportive sur le bien-\u00eatre au travail et la sant\u00e9 des salari\u00e9s ont pris des mesures l\u00e9gislatives.<\/p><p>En effet l\u2019article 18 de LFSS pour 2021 et le d\u00e9cret n\u00b0 2021-680 du 28 mai 2021-art1 permet aux employeurs de mettre \u00e0 disposition de leurs salari\u00e9s, des \u00e9quipements \u00e0 usage collectif d\u00e9di\u00e9s \u00e0 la r\u00e9alisation d\u2019activit\u00e9s physiques et sportives ou de financer des prestations d\u2019activit\u00e9s physiques et sportive<\/p><h3><b>Services propos\u00e9s :<\/b><\/h3><p><b>1 \u2013 Salari\u00e9s :<\/b><\/p><p>Cours collectif ou individuel :<\/p><ul><li>Cardio training<\/li><li>Renforcement musculaire<\/li><li>Techniques douces pour le bien \u00eatre corporel\u2026<\/li><li>Un salari\u00e9 d\u00e9tendu et en bonne sant\u00e9 est plus efficace au travail<\/li><\/ul><p>Des \u00e9tudes ont d\u00e9montr\u00e9 que la productivit\u00e9 d\u2019un salari\u00e9 pratiquant une activit\u00e9 sportive augmente de 6% \u00e0 9%.<\/p><p><b>\u00a0<\/b><\/p><p><b>2 \u2013 Dirigeant :<\/b><\/p><p>En tant qu\u2019ancienne dirigeante, de plusieurs restaurants pendant 15ans, je peux compl\u00e9tement comprendre la vie d\u2019un entrepreneur dans sa globalit\u00e9.<\/p><p>Je vous accompagne dans une d\u00e9marche d\u2019un mieux vivre, et vous apporte un soutien \u00e0 votre vie d\u2019entrepreneur, qui est souvent \u00e0 200 \u00e0 l\u2019heure o\u00f9 nous sommes tr\u00e8s souvent seuls, devant nos choix, nos doutes (surcharge de travail, manque de tr\u00e9sorerie, de sommeil, de temps, d\u00e9s\u00e9quilibre vie professionnelle impactant la vie personnelle &amp; familiale \u2026)<\/p><p>\u00a0<\/p><p>Je vous aide en tant que coach \u00e0 :<\/p><ul><li>Entretenir ou regagner votre sant\u00e9 physique (pr\u00e9venir du burn-out, gagner de l\u2019\u00e9nergie positive\u2026)<\/li><\/ul><ul><li>Apaiser votre sant\u00e9 mentale<br \/>(prise de recul sur les probl\u00e9matiques rencontr\u00e9es, baisser la pression mentale &amp; le stress, \u00e0 travers des exercices sportifs, de relaxation, stretching ou \u00e0 travers une marche th\u00e9rapeutique\u2026).<\/li><\/ul><p><b>\u00a0<\/b><\/p><p><b>D\u00e9roulement du coaching :<br \/><\/b><\/p><ul><li><b>1\u00e8re s\u00e9ance :<\/b> Bilan avec objectifs fix\u00e9s ensemble ( remise questionnaire de sant\u00e9 aux salari\u00e9s + certificat m\u00e9dical obligatoire<\/li><li><b>2\u00e8me s\u00e9ance :<\/b> cours collectifs ou individuel ( en fonction de la demande de l&rsquo;entreprise)<\/li><\/ul><div><p>Tarifs sur devis en fonction du nombre de salari\u00e9s, le lieu&#8230;<\/p><\/div><h3>\u00a0<\/h3><h3><strong>S\u00e9minaires &amp; Team Building<\/strong><\/h3><p>\u00ab Bien \u00eatre &amp; Bien Manger \u00bb<\/p><p>&#8211; La team building : signifie \u00ab\u00a0construction d&rsquo;\u00e9quipe\u00a0\u00bb en anglais. Le but du team building est de renforcer la coh\u00e9sion du groupe au moyen d&rsquo;activit\u00e9s sportives &amp; collectives.<\/p><p>\u00a0<\/p><p>Pourquoi faire un team building ?<\/p><p>Le team building s&rsquo;inscrit dans l&rsquo;objectif du bien-\u00eatre en entreprise.<\/p><p>Pour parvenir \u00e0 cet objectif, le team building offre des atouts majeurs :<\/p><ul><li>Motiver les salari\u00e9s de mani\u00e8re ludique<\/li><\/ul><ul><li style=\"list-style-type: none;\"><ul><li>Favoriser la communication entre salari\u00e9s<\/li><li>Faciliter l&rsquo;int\u00e9gration de nouveaux collaborateurs<\/li><li>Sortir les salari\u00e9s de leur zone de travail, zone de confort de mani\u00e8re ludique<\/li><li>A long terme, am\u00e9liorer la performance globale de l\u2019entreprise<\/li><\/ul><\/li><\/ul><p>\u00a0<\/p><p>Je concilie mes 2 passions pour vous apporter du bien \u00eatre tant au niveau physique que mentale :<\/p><p>En proposant des s\u00e9minaires alliant sport &amp; atelier cuisine :<\/p><h3>\u00ab Plaisir Sportif &amp; Plaisir Gustatif \u00bb<\/h3><p>\u00a0<\/p>\t\t\t\t\t\t<\/div>\n\t\t\t\t<\/div>\n\t\t\t\t\t<\/div>\n\t\t<\/div>\n\t\t\t\t\t\t\t<\/div>\n\t\t<\/section>\n\t\t\t\t<section class=\"elementor-section elementor-top-section elementor-element elementor-element-ba0401e elementor-section-boxed elementor-section-height-default elementor-section-height-default\" data-id=\"ba0401e\" data-element_type=\"section\">\n\t\t\t\t\t\t<div class=\"elementor-container elementor-column-gap-default\">\n\t\t\t\t\t<div class=\"elementor-column elementor-col-100 elementor-top-column elementor-element elementor-element-fa64f14\" data-id=\"fa64f14\" data-element_type=\"column\">\n\t\t\t<div class=\"elementor-widget-wrap elementor-element-populated\">\n\t\t\t\t\t\t\t\t<div class=\"elementor-element elementor-element-85311be elementor-widget elementor-widget-image\" data-id=\"85311be\" data-element_type=\"widget\" data-widget_type=\"image.default\">\n\t\t\t\t<div class=\"elementor-widget-container\">\n\t\t\t\t\t\t\t\t\t\t\t\t\t\t\t<img width=\"720\" height=\"980\" src=\"https:\/\/feenix.fr\/wp-content\/uploads\/2022\/11\/coaching-entreprise-atelier-sushi.jpg\" class=\"attachment-full size-full\" alt=\"\" loading=\"lazy\" srcset=\"https:\/\/feenix.fr\/wp-content\/uploads\/2022\/11\/coaching-entreprise-atelier-sushi.jpg 720w, https:\/\/feenix.fr\/wp-content\/uploads\/2022\/11\/coaching-entreprise-atelier-sushi-220x300.jpg 220w\" sizes=\"(max-width: 720px) 100vw, 720px\" \/>\t\t\t\t\t\t\t\t\t\t\t\t\t\t\t<\/div>\n\t\t\t\t<\/div>\n\t\t\t\t<div class=\"elementor-element elementor-element-5cc218e elementor-widget elementor-widget-text-editor\" data-id=\"5cc218e\" data-element_type=\"widget\" data-widget_type=\"text-editor.default\">\n\t\t\t\t<div class=\"elementor-widget-container\">\n\t\t\t\t\t\t\t<p style=\"text-align: center;\">Team building &#8211; Atelier Sushis<\/p>\t\t\t\t\t\t<\/div>\n\t\t\t\t<\/div>\n\t\t\t\t\t<\/div>\n\t\t<\/div>\n\t\t\t\t\t\t\t<\/div>\n\t\t<\/section>\n\t\t\t\t\t\t\t<\/div>\n\t\t","protected":false},"excerpt":{"rendered":"<p>Coach sportif en entreprise \u00e0 Rennes Le sport en entreprise permet d\u2019entretenir la forme physique de vos salari\u00e9s tant sur la sant\u00e9 physique, mentale &amp; sociale ! Pourquoi le sport au travail ? Le sport &amp; ses bienfaits : pr\u00e9vient des TMS (troubles musculo- squelettiques ) diminue les arr\u00eats de travail (moins d\u2019absent\u00e9isme) baisse du [&hellip;]<\/p>\n","protected":false},"author":1,"featured_media":0,"parent":0,"menu_order":0,"comment_status":"closed","ping_status":"closed","template":"elementor_header_footer","meta":[],"yoast_head":"<!-- This site is optimized with the Yoast SEO plugin v19.8 - https:\/\/yoast.com\/wordpress\/plugins\/seo\/ -->\n<title>Coach sportif en entreprise - F\u00e9enix<\/title>\n<meta name=\"description\" content=\"Coach sportif en entreprise \u00e0 Rennes pour vos salari\u00e9s et dirigeants.\" \/>\n<meta name=\"robots\" content=\"index, follow, max-snippet:-1, max-image-preview:large, max-video-preview:-1\" \/>\n<link rel=\"canonical\" href=\"https:\/\/feenix.fr\/index.php\/coach-sportif-entreprise-vern-sur-seiche\/\" \/>\n<meta property=\"og:locale\" content=\"fr_FR\" \/>\n<meta property=\"og:type\" content=\"article\" \/>\n<meta property=\"og:title\" content=\"Coach sportif en entreprise - F\u00e9enix\" \/>\n<meta property=\"og:description\" content=\"Coach sportif en entreprise \u00e0 Rennes pour vos salari\u00e9s et dirigeants.\" \/>\n<meta property=\"og:url\" content=\"https:\/\/feenix.fr\/index.php\/coach-sportif-entreprise-vern-sur-seiche\/\" \/>\n<meta property=\"og:site_name\" content=\"F\u00e9enix\" \/>\n<meta property=\"article:modified_time\" content=\"2024-02-15T19:28:22+00:00\" \/>\n<meta property=\"og:image\" content=\"https:\/\/feenix.fr\/wp-content\/uploads\/2022\/11\/team-building-sport-cuisine-rennes.jpg\" \/>\n<meta name=\"twitter:card\" content=\"summary_large_image\" \/>\n<meta name=\"twitter:label1\" content=\"Dur\u00e9e de lecture estim\u00e9e\" \/>\n\t<meta name=\"twitter:data1\" content=\"4 minutes\" \/>\n<script type=\"application\/ld+json\" class=\"yoast-schema-graph\">{\"@context\":\"https:\/\/schema.org\",\"@graph\":[{\"@type\":\"WebPage\",\"@id\":\"https:\/\/feenix.fr\/index.php\/coach-sportif-entreprise-vern-sur-seiche\/\",\"url\":\"https:\/\/feenix.fr\/index.php\/coach-sportif-entreprise-vern-sur-seiche\/\",\"name\":\"Coach sportif en entreprise - F\u00e9enix\",\"isPartOf\":{\"@id\":\"https:\/\/feenix.fr\/#website\"},\"datePublished\":\"2022-10-17T08:54:16+00:00\",\"dateModified\":\"2024-02-15T19:28:22+00:00\",\"description\":\"Coach sportif en entreprise \u00e0 Rennes pour vos salari\u00e9s et dirigeants.\",\"breadcrumb\":{\"@id\":\"https:\/\/feenix.fr\/index.php\/coach-sportif-entreprise-vern-sur-seiche\/#breadcrumb\"},\"inLanguage\":\"fr-FR\",\"potentialAction\":[{\"@type\":\"ReadAction\",\"target\":[\"https:\/\/feenix.fr\/index.php\/coach-sportif-entreprise-vern-sur-seiche\/\"]}]},{\"@type\":\"BreadcrumbList\",\"@id\":\"https:\/\/feenix.fr\/index.php\/coach-sportif-entreprise-vern-sur-seiche\/#breadcrumb\",\"itemListElement\":[{\"@type\":\"ListItem\",\"position\":1,\"name\":\"Accueil\",\"item\":\"https:\/\/feenix.fr\/\"},{\"@type\":\"ListItem\",\"position\":2,\"name\":\"Coach sportif en entreprise\"}]},{\"@type\":\"WebSite\",\"@id\":\"https:\/\/feenix.fr\/#website\",\"url\":\"https:\/\/feenix.fr\/\",\"name\":\"F\u00e9enix\",\"description\":\"Coach sportif Rennes\",\"publisher\":{\"@id\":\"https:\/\/feenix.fr\/#organization\"},\"potentialAction\":[{\"@type\":\"SearchAction\",\"target\":{\"@type\":\"EntryPoint\",\"urlTemplate\":\"https:\/\/feenix.fr\/?s={search_term_string}\"},\"query-input\":\"required name=search_term_string\"}],\"inLanguage\":\"fr-FR\"},{\"@type\":\"Organization\",\"@id\":\"https:\/\/feenix.fr\/#organization\",\"name\":\"F\u00e9enix\",\"url\":\"https:\/\/feenix.fr\/\",\"sameAs\":[],\"logo\":{\"@type\":\"ImageObject\",\"inLanguage\":\"fr-FR\",\"@id\":\"https:\/\/feenix.fr\/#\/schema\/logo\/image\/\",\"url\":\"https:\/\/feenix.fr\/wp-content\/uploads\/2022\/10\/logo-feenix-web.svg\",\"contentUrl\":\"https:\/\/feenix.fr\/wp-content\/uploads\/2022\/10\/logo-feenix-web.svg\",\"width\":600,\"height\":300,\"caption\":\"F\u00e9enix\"},\"image\":{\"@id\":\"https:\/\/feenix.fr\/#\/schema\/logo\/image\/\"}}]}<\/script>\n<!-- \/ Yoast SEO plugin. -->","yoast_head_json":{"title":"Coach sportif en entreprise - F\u00e9enix","description":"Coach sportif en entreprise \u00e0 Rennes pour vos salari\u00e9s et dirigeants.","robots":{"index":"index","follow":"follow","max-snippet":"max-snippet:-1","max-image-preview":"max-image-preview:large","max-video-preview":"max-video-preview:-1"},"canonical":"https:\/\/feenix.fr\/index.php\/coach-sportif-entreprise-vern-sur-seiche\/","og_locale":"fr_FR","og_type":"article","og_title":"Coach sportif en entreprise - F\u00e9enix","og_description":"Coach sportif en entreprise \u00e0 Rennes pour vos salari\u00e9s et dirigeants.","og_url":"https:\/\/feenix.fr\/index.php\/coach-sportif-entreprise-vern-sur-seiche\/","og_site_name":"F\u00e9enix","article_modified_time":"2024-02-15T19:28:22+00:00","og_image":[{"url":"https:\/\/feenix.fr\/wp-content\/uploads\/2022\/11\/team-building-sport-cuisine-rennes.jpg"}],"twitter_card":"summary_large_image","twitter_misc":{"Dur\u00e9e de lecture estim\u00e9e":"4 minutes"},"schema":{"@context":"https:\/\/schema.org","@graph":[{"@type":"WebPage","@id":"https:\/\/feenix.fr\/index.php\/coach-sportif-entreprise-vern-sur-seiche\/","url":"https:\/\/feenix.fr\/index.php\/coach-sportif-entreprise-vern-sur-seiche\/","name":"Coach sportif en entreprise - F\u00e9enix","isPartOf":{"@id":"https:\/\/feenix.fr\/#website"},"datePublished":"2022-10-17T08:54:16+00:00","dateModified":"2024-02-15T19:28:22+00:00","description":"Coach sportif en entreprise \u00e0 Rennes pour vos salari\u00e9s et dirigeants.","breadcrumb":{"@id":"https:\/\/feenix.fr\/index.php\/coach-sportif-entreprise-vern-sur-seiche\/#breadcrumb"},"inLanguage":"fr-FR","potentialAction":[{"@type":"ReadAction","target":["https:\/\/feenix.fr\/index.php\/coach-sportif-entreprise-vern-sur-seiche\/"]}]},{"@type":"BreadcrumbList","@id":"https:\/\/feenix.fr\/index.php\/coach-sportif-entreprise-vern-sur-seiche\/#breadcrumb","itemListElement":[{"@type":"ListItem","position":1,"name":"Accueil","item":"https:\/\/feenix.fr\/"},{"@type":"ListItem","position":2,"name":"Coach sportif en entreprise"}]},{"@type":"WebSite","@id":"https:\/\/feenix.fr\/#website","url":"https:\/\/feenix.fr\/","name":"F\u00e9enix","description":"Coach sportif Rennes","publisher":{"@id":"https:\/\/feenix.fr\/#organization"},"potentialAction":[{"@type":"SearchAction","target":{"@type":"EntryPoint","urlTemplate":"https:\/\/feenix.fr\/?s={search_term_string}"},"query-input":"required name=search_term_string"}],"inLanguage":"fr-FR"},{"@type":"Organization","@id":"https:\/\/feenix.fr\/#organization","name":"F\u00e9enix","url":"https:\/\/feenix.fr\/","sameAs":[],"logo":{"@type":"ImageObject","inLanguage":"fr-FR","@id":"https:\/\/feenix.fr\/#\/schema\/logo\/image\/","url":"https:\/\/feenix.fr\/wp-content\/uploads\/2022\/10\/logo-feenix-web.svg","contentUrl":"https:\/\/feenix.fr\/wp-content\/uploads\/2022\/10\/logo-feenix-web.svg","width":600,"height":300,"caption":"F\u00e9enix"},"image":{"@id":"https:\/\/feenix.fr\/#\/schema\/logo\/image\/"}}]}},"_links":{"self":[{"href":"https:\/\/feenix.fr\/index.php\/wp-json\/wp\/v2\/pages\/158"}],"collection":[{"href":"https:\/\/feenix.fr\/index.php\/wp-json\/wp\/v2\/pages"}],"about":[{"href":"https:\/\/feenix.fr\/index.php\/wp-json\/wp\/v2\/types\/page"}],"author":[{"embeddable":true,"href":"https:\/\/feenix.fr\/index.php\/wp-json\/wp\/v2\/users\/1"}],"replies":[{"embeddable":true,"href":"https:\/\/feenix.fr\/index.php\/wp-json\/wp\/v2\/comments?post=158"}],"version-history":[{"count":66,"href":"https:\/\/feenix.fr\/index.php\/wp-json\/wp\/v2\/pages\/158\/revisions"}],"predecessor-version":[{"id":685,"href":"https:\/\/feenix.fr\/index.php\/wp-json\/wp\/v2\/pages\/158\/revisions\/685"}],"wp:attachment":[{"href":"https:\/\/feenix.fr\/index.php\/wp-json\/wp\/v2\/media?parent=158"}],"curies":[{"name":"wp","href":"https:\/\/api.w.org\/{rel}","templated":true}]}}